{"id":3899,"date":"2025-01-09T11:44:31","date_gmt":"2025-01-09T10:44:31","guid":{"rendered":"https:\/\/kamarch.com\/paskove-miesacky\/"},"modified":"2024-09-30T19:44:38","modified_gmt":"2024-09-30T17:44:38","slug":"paskove-miesacky","status":"publish","type":"page","link":"https:\/\/kamarch.com\/sk\/produkty\/paskove-miesacky\/","title":{"rendered":"p\u00e1skov\u00e9 mie\u0161a\u010dky"},"content":{"rendered":"","protected":false},"excerpt":{"rendered":"","protected":false},"author":4,"featured_media":0,"parent":3908,"menu_order":0,"comment_status":"closed","ping_status":"closed","template":"temp\/produkt.php","meta":{"_acf_changed":false,"footnotes":""},"class_list":["post-3899","page","type-page","status-publish","hentry"],"acf":[],"yoast_head":"<!-- This site is optimized with the Yoast SEO plugin v27.1.1 - https:\/\/yoast.com\/product\/yoast-seo-wordpress\/ -->\n<title>P\u00e1dlov\u00e9 a lopatkov\u00e9 mie\u0161a\u010dky - v\u00fdrobca<\/title>\n<meta name=\"description\" content=\"V\u00fdrobca p\u00e1sov\u00fdch mie\u0161a\u010dov s dlhoro\u010dn\u00fdmi sk\u00fasenos\u0165ami. Pon\u00fakame spo\u013eahliv\u00e9 a efekt\u00edvne priemyseln\u00e9 zariadenia.\" \/>\n<meta name=\"robots\" content=\"index, follow, max-snippet:-1, max-image-preview:large, max-video-preview:-1\" \/>\n<link rel=\"canonical\" href=\"https:\/\/kamarch.com\/sk\/produkty\/paskove-miesacky\/\" \/>\n<meta property=\"og:locale\" content=\"sk_SK\" \/>\n<meta property=\"og:type\" content=\"article\" \/>\n<meta property=\"og:title\" content=\"P\u00e1dlov\u00e9 a lopatkov\u00e9 mie\u0161a\u010dky - v\u00fdrobca\" \/>\n<meta property=\"og:description\" content=\"V\u00fdrobca p\u00e1sov\u00fdch mie\u0161a\u010dov s dlhoro\u010dn\u00fdmi sk\u00fasenos\u0165ami. Pon\u00fakame spo\u013eahliv\u00e9 a efekt\u00edvne priemyseln\u00e9 zariadenia.\" \/>\n<meta property=\"og:url\" content=\"https:\/\/kamarch.com\/sk\/produkty\/paskove-miesacky\/\" \/>\n<meta property=\"og:site_name\" content=\"Kamarch - producent maszyn i urz\u0105dze\u0144 przemys\u0142owych\" \/>\n<meta name=\"twitter:card\" content=\"summary_large_image\" \/>\n<!-- \/ Yoast SEO plugin. -->","yoast_head_json":{"title":"P\u00e1dlov\u00e9 a lopatkov\u00e9 mie\u0161a\u010dky - v\u00fdrobca","description":"V\u00fdrobca p\u00e1sov\u00fdch mie\u0161a\u010dov s dlhoro\u010dn\u00fdmi sk\u00fasenos\u0165ami. Pon\u00fakame spo\u013eahliv\u00e9 a efekt\u00edvne priemyseln\u00e9 zariadenia.","robots":{"index":"index","follow":"follow","max-snippet":"max-snippet:-1","max-image-preview":"max-image-preview:large","max-video-preview":"max-video-preview:-1"},"canonical":"https:\/\/kamarch.com\/sk\/produkty\/paskove-miesacky\/","og_locale":"sk_SK","og_type":"article","og_title":"P\u00e1dlov\u00e9 a lopatkov\u00e9 mie\u0161a\u010dky - v\u00fdrobca","og_description":"V\u00fdrobca p\u00e1sov\u00fdch mie\u0161a\u010dov s dlhoro\u010dn\u00fdmi sk\u00fasenos\u0165ami. Pon\u00fakame spo\u013eahliv\u00e9 a efekt\u00edvne priemyseln\u00e9 zariadenia.","og_url":"https:\/\/kamarch.com\/sk\/produkty\/paskove-miesacky\/","og_site_name":"Kamarch - producent maszyn i urz\u0105dze\u0144 przemys\u0142owych","twitter_card":"summary_large_image","schema":{"@context":"https:\/\/schema.org","@graph":[{"@type":"WebPage","@id":"https:\/\/kamarch.com\/sk\/produkty\/paskove-miesacky\/","url":"https:\/\/kamarch.com\/sk\/produkty\/paskove-miesacky\/","name":"P\u00e1dlov\u00e9 a lopatkov\u00e9 mie\u0161a\u010dky - v\u00fdrobca","isPartOf":{"@id":"https:\/\/kamarch.com\/sk\/#website"},"datePublished":"2025-01-09T10:44:31+00:00","description":"V\u00fdrobca p\u00e1sov\u00fdch mie\u0161a\u010dov s dlhoro\u010dn\u00fdmi sk\u00fasenos\u0165ami. Pon\u00fakame spo\u013eahliv\u00e9 a efekt\u00edvne priemyseln\u00e9 zariadenia.","breadcrumb":{"@id":"https:\/\/kamarch.com\/sk\/produkty\/paskove-miesacky\/#breadcrumb"},"inLanguage":"sk-SK","potentialAction":[{"@type":"ReadAction","target":["https:\/\/kamarch.com\/sk\/produkty\/paskove-miesacky\/"]}]},{"@type":"BreadcrumbList","@id":"https:\/\/kamarch.com\/sk\/produkty\/paskove-miesacky\/#breadcrumb","itemListElement":[{"@type":"ListItem","position":1,"name":"\u00davodn\u00e1 str\u00e1nka","item":"https:\/\/kamarch.com\/sk\/"},{"@type":"ListItem","position":2,"name":"Produkty","item":"https:\/\/kamarch.com\/sk\/produkty\/"},{"@type":"ListItem","position":3,"name":"p\u00e1skov\u00e9 mie\u0161a\u010dky"}]},{"@type":"WebSite","@id":"https:\/\/kamarch.com\/sk\/#website","url":"https:\/\/kamarch.com\/sk\/","name":"Kamarch - producent maszyn i urz\u0105dze\u0144 przemys\u0142owych","description":"","potentialAction":[{"@type":"SearchAction","target":{"@type":"EntryPoint","urlTemplate":"https:\/\/kamarch.com\/sk\/?s={search_term_string}"},"query-input":{"@type":"PropertyValueSpecification","valueRequired":true,"valueName":"search_term_string"}}],"inLanguage":"sk-SK"}]}},"_links":{"self":[{"href":"https:\/\/kamarch.com\/sk\/wp-json\/wp\/v2\/pages\/3899","targetHints":{"allow":["GET"]}}],"collection":[{"href":"https:\/\/kamarch.com\/sk\/wp-json\/wp\/v2\/pages"}],"about":[{"href":"https:\/\/kamarch.com\/sk\/wp-json\/wp\/v2\/types\/page"}],"author":[{"embeddable":true,"href":"https:\/\/kamarch.com\/sk\/wp-json\/wp\/v2\/users\/4"}],"replies":[{"embeddable":true,"href":"https:\/\/kamarch.com\/sk\/wp-json\/wp\/v2\/comments?post=3899"}],"version-history":[{"count":1,"href":"https:\/\/kamarch.com\/sk\/wp-json\/wp\/v2\/pages\/3899\/revisions"}],"predecessor-version":[{"id":3913,"href":"https:\/\/kamarch.com\/sk\/wp-json\/wp\/v2\/pages\/3899\/revisions\/3913"}],"up":[{"embeddable":true,"href":"https:\/\/kamarch.com\/sk\/wp-json\/wp\/v2\/pages\/3908"}],"wp:attachment":[{"href":"https:\/\/kamarch.com\/sk\/wp-json\/wp\/v2\/media?parent=3899"}],"curies":[{"name":"wp","href":"https:\/\/api.w.org\/{rel}","templated":true}]}}