{"id":3932,"date":"2025-01-09T11:44:31","date_gmt":"2025-01-09T10:44:31","guid":{"rendered":"https:\/\/kamarch.com\/bandmiksere\/"},"modified":"2024-09-30T19:44:09","modified_gmt":"2024-09-30T17:44:09","slug":"bandmiksere","status":"publish","type":"page","link":"https:\/\/kamarch.com\/no\/produkty\/bandmiksere\/","title":{"rendered":"b\u00e5ndmiksere"},"content":{"rendered":"","protected":false},"excerpt":{"rendered":"","protected":false},"author":4,"featured_media":0,"parent":3941,"menu_order":0,"comment_status":"closed","ping_status":"closed","template":"temp\/produkt.php","meta":{"_acf_changed":false,"footnotes":""},"class_list":["post-3932","page","type-page","status-publish","hentry"],"acf":[],"yoast_head":"<!-- This site is optimized with the Yoast SEO plugin v27.1.1 - https:\/\/yoast.com\/product\/yoast-seo-wordpress\/ -->\n<title>Padle- og skovlblandere - produsent<\/title>\n<meta name=\"description\" content=\"Produsent av b\u00e5ndmiksere med mange \u00e5rs erfaring. Vi tilbyr p\u00e5litelig og effektivt industrielt utstyr.\" \/>\n<meta name=\"robots\" content=\"index, follow, max-snippet:-1, max-image-preview:large, max-video-preview:-1\" \/>\n<link rel=\"canonical\" href=\"https:\/\/kamarch.com\/no\/produkty\/bandmiksere\/\" \/>\n<meta property=\"og:locale\" content=\"nb_NO\" \/>\n<meta property=\"og:type\" content=\"article\" \/>\n<meta property=\"og:title\" content=\"Padle- og skovlblandere - produsent\" \/>\n<meta property=\"og:description\" content=\"Produsent av b\u00e5ndmiksere med mange \u00e5rs erfaring. Vi tilbyr p\u00e5litelig og effektivt industrielt utstyr.\" \/>\n<meta property=\"og:url\" content=\"https:\/\/kamarch.com\/no\/produkty\/bandmiksere\/\" \/>\n<meta property=\"og:site_name\" content=\"Kamarch - producent maszyn i urz\u0105dze\u0144 przemys\u0142owych\" \/>\n<meta name=\"twitter:card\" content=\"summary_large_image\" \/>\n<!-- \/ Yoast SEO plugin. -->","yoast_head_json":{"title":"Padle- og skovlblandere - produsent","description":"Produsent av b\u00e5ndmiksere med mange \u00e5rs erfaring. Vi tilbyr p\u00e5litelig og effektivt industrielt utstyr.","robots":{"index":"index","follow":"follow","max-snippet":"max-snippet:-1","max-image-preview":"max-image-preview:large","max-video-preview":"max-video-preview:-1"},"canonical":"https:\/\/kamarch.com\/no\/produkty\/bandmiksere\/","og_locale":"nb_NO","og_type":"article","og_title":"Padle- og skovlblandere - produsent","og_description":"Produsent av b\u00e5ndmiksere med mange \u00e5rs erfaring. Vi tilbyr p\u00e5litelig og effektivt industrielt utstyr.","og_url":"https:\/\/kamarch.com\/no\/produkty\/bandmiksere\/","og_site_name":"Kamarch - producent maszyn i urz\u0105dze\u0144 przemys\u0142owych","twitter_card":"summary_large_image","schema":{"@context":"https:\/\/schema.org","@graph":[{"@type":"WebPage","@id":"https:\/\/kamarch.com\/no\/produkty\/bandmiksere\/","url":"https:\/\/kamarch.com\/no\/produkty\/bandmiksere\/","name":"Padle- og skovlblandere - produsent","isPartOf":{"@id":"https:\/\/kamarch.com\/no\/#website"},"datePublished":"2025-01-09T10:44:31+00:00","description":"Produsent av b\u00e5ndmiksere med mange \u00e5rs erfaring. Vi tilbyr p\u00e5litelig og effektivt industrielt utstyr.","breadcrumb":{"@id":"https:\/\/kamarch.com\/no\/produkty\/bandmiksere\/#breadcrumb"},"inLanguage":"nb-NO","potentialAction":[{"@type":"ReadAction","target":["https:\/\/kamarch.com\/no\/produkty\/bandmiksere\/"]}]},{"@type":"BreadcrumbList","@id":"https:\/\/kamarch.com\/no\/produkty\/bandmiksere\/#breadcrumb","itemListElement":[{"@type":"ListItem","position":1,"name":"Hjemmeside","item":"https:\/\/kamarch.com\/no\/"},{"@type":"ListItem","position":2,"name":"Produkter","item":"https:\/\/kamarch.com\/no\/produkty\/"},{"@type":"ListItem","position":3,"name":"b\u00e5ndmiksere"}]},{"@type":"WebSite","@id":"https:\/\/kamarch.com\/no\/#website","url":"https:\/\/kamarch.com\/no\/","name":"Kamarch - producent maszyn i urz\u0105dze\u0144 przemys\u0142owych","description":"","potentialAction":[{"@type":"SearchAction","target":{"@type":"EntryPoint","urlTemplate":"https:\/\/kamarch.com\/no\/?s={search_term_string}"},"query-input":{"@type":"PropertyValueSpecification","valueRequired":true,"valueName":"search_term_string"}}],"inLanguage":"nb-NO"}]}},"_links":{"self":[{"href":"https:\/\/kamarch.com\/no\/wp-json\/wp\/v2\/pages\/3932","targetHints":{"allow":["GET"]}}],"collection":[{"href":"https:\/\/kamarch.com\/no\/wp-json\/wp\/v2\/pages"}],"about":[{"href":"https:\/\/kamarch.com\/no\/wp-json\/wp\/v2\/types\/page"}],"author":[{"embeddable":true,"href":"https:\/\/kamarch.com\/no\/wp-json\/wp\/v2\/users\/4"}],"replies":[{"embeddable":true,"href":"https:\/\/kamarch.com\/no\/wp-json\/wp\/v2\/comments?post=3932"}],"version-history":[{"count":1,"href":"https:\/\/kamarch.com\/no\/wp-json\/wp\/v2\/pages\/3932\/revisions"}],"predecessor-version":[{"id":3946,"href":"https:\/\/kamarch.com\/no\/wp-json\/wp\/v2\/pages\/3932\/revisions\/3946"}],"up":[{"embeddable":true,"href":"https:\/\/kamarch.com\/no\/wp-json\/wp\/v2\/pages\/3941"}],"wp:attachment":[{"href":"https:\/\/kamarch.com\/no\/wp-json\/wp\/v2\/media?parent=3932"}],"curies":[{"name":"wp","href":"https:\/\/api.w.org\/{rel}","templated":true}]}}