{"id":4145,"date":"2025-01-09T11:44:31","date_gmt":"2025-01-09T10:44:31","guid":{"rendered":"https:\/\/kamarch.com\/producten\/lintmengers\/"},"modified":"2024-09-30T19:41:36","modified_gmt":"2024-09-30T17:41:36","slug":"lintmengers","status":"publish","type":"page","link":"https:\/\/kamarch.com\/nl\/producten\/lintmengers\/","title":{"rendered":"lintmengers"},"content":{"rendered":"","protected":false},"excerpt":{"rendered":"","protected":false},"author":4,"featured_media":0,"parent":4131,"menu_order":0,"comment_status":"closed","ping_status":"closed","template":"temp\/produkt.php","meta":{"_acf_changed":false,"footnotes":""},"class_list":["post-4145","page","type-page","status-publish","hentry"],"acf":[],"yoast_head":"<!-- This site is optimized with the Yoast SEO plugin v27.1.1 - https:\/\/yoast.com\/product\/yoast-seo-wordpress\/ -->\n<title>Peddelmengers en peddelmengers - fabrikant<\/title>\n<meta name=\"description\" content=\"Fabrikant van lintmengers met jarenlange ervaring. Wij bieden betrouwbare en effici\u00ebnte industri\u00eble apparatuur.\" \/>\n<meta name=\"robots\" content=\"index, follow, max-snippet:-1, max-image-preview:large, max-video-preview:-1\" \/>\n<link rel=\"canonical\" href=\"https:\/\/kamarch.com\/nl\/producten\/lintmengers\/\" \/>\n<meta property=\"og:locale\" content=\"nl_NL\" \/>\n<meta property=\"og:type\" content=\"article\" \/>\n<meta property=\"og:title\" content=\"Peddelmengers en peddelmengers - fabrikant\" \/>\n<meta property=\"og:description\" content=\"Fabrikant van lintmengers met jarenlange ervaring. Wij bieden betrouwbare en effici\u00ebnte industri\u00eble apparatuur.\" \/>\n<meta property=\"og:url\" content=\"https:\/\/kamarch.com\/nl\/producten\/lintmengers\/\" \/>\n<meta property=\"og:site_name\" content=\"Kamarch - producent maszyn i urz\u0105dze\u0144 przemys\u0142owych\" \/>\n<meta name=\"twitter:card\" content=\"summary_large_image\" \/>\n<!-- \/ Yoast SEO plugin. -->","yoast_head_json":{"title":"Peddelmengers en peddelmengers - fabrikant","description":"Fabrikant van lintmengers met jarenlange ervaring. Wij bieden betrouwbare en effici\u00ebnte industri\u00eble apparatuur.","robots":{"index":"index","follow":"follow","max-snippet":"max-snippet:-1","max-image-preview":"max-image-preview:large","max-video-preview":"max-video-preview:-1"},"canonical":"https:\/\/kamarch.com\/nl\/producten\/lintmengers\/","og_locale":"nl_NL","og_type":"article","og_title":"Peddelmengers en peddelmengers - fabrikant","og_description":"Fabrikant van lintmengers met jarenlange ervaring. Wij bieden betrouwbare en effici\u00ebnte industri\u00eble apparatuur.","og_url":"https:\/\/kamarch.com\/nl\/producten\/lintmengers\/","og_site_name":"Kamarch - producent maszyn i urz\u0105dze\u0144 przemys\u0142owych","twitter_card":"summary_large_image","schema":{"@context":"https:\/\/schema.org","@graph":[{"@type":"WebPage","@id":"https:\/\/kamarch.com\/nl\/producten\/lintmengers\/","url":"https:\/\/kamarch.com\/nl\/producten\/lintmengers\/","name":"Peddelmengers en peddelmengers - fabrikant","isPartOf":{"@id":"https:\/\/kamarch.com\/nl\/#website"},"datePublished":"2025-01-09T10:44:31+00:00","description":"Fabrikant van lintmengers met jarenlange ervaring. Wij bieden betrouwbare en effici\u00ebnte industri\u00eble apparatuur.","breadcrumb":{"@id":"https:\/\/kamarch.com\/nl\/producten\/lintmengers\/#breadcrumb"},"inLanguage":"nl-NL","potentialAction":[{"@type":"ReadAction","target":["https:\/\/kamarch.com\/nl\/producten\/lintmengers\/"]}]},{"@type":"BreadcrumbList","@id":"https:\/\/kamarch.com\/nl\/producten\/lintmengers\/#breadcrumb","itemListElement":[{"@type":"ListItem","position":1,"name":"Homepage","item":"https:\/\/kamarch.com\/nl\/"},{"@type":"ListItem","position":2,"name":"Producten","item":"https:\/\/kamarch.com\/nl\/produkty\/"},{"@type":"ListItem","position":3,"name":"lintmengers"}]},{"@type":"WebSite","@id":"https:\/\/kamarch.com\/nl\/#website","url":"https:\/\/kamarch.com\/nl\/","name":"Kamarch - producent maszyn i urz\u0105dze\u0144 przemys\u0142owych","description":"","potentialAction":[{"@type":"SearchAction","target":{"@type":"EntryPoint","urlTemplate":"https:\/\/kamarch.com\/nl\/?s={search_term_string}"},"query-input":{"@type":"PropertyValueSpecification","valueRequired":true,"valueName":"search_term_string"}}],"inLanguage":"nl-NL"}]}},"_links":{"self":[{"href":"https:\/\/kamarch.com\/nl\/wp-json\/wp\/v2\/pages\/4145","targetHints":{"allow":["GET"]}}],"collection":[{"href":"https:\/\/kamarch.com\/nl\/wp-json\/wp\/v2\/pages"}],"about":[{"href":"https:\/\/kamarch.com\/nl\/wp-json\/wp\/v2\/types\/page"}],"author":[{"embeddable":true,"href":"https:\/\/kamarch.com\/nl\/wp-json\/wp\/v2\/users\/4"}],"replies":[{"embeddable":true,"href":"https:\/\/kamarch.com\/nl\/wp-json\/wp\/v2\/comments?post=4145"}],"version-history":[{"count":1,"href":"https:\/\/kamarch.com\/nl\/wp-json\/wp\/v2\/pages\/4145\/revisions"}],"predecessor-version":[{"id":4452,"href":"https:\/\/kamarch.com\/nl\/wp-json\/wp\/v2\/pages\/4145\/revisions\/4452"}],"up":[{"embeddable":true,"href":"https:\/\/kamarch.com\/nl\/wp-json\/wp\/v2\/pages\/4131"}],"wp:attachment":[{"href":"https:\/\/kamarch.com\/nl\/wp-json\/wp\/v2\/media?parent=4145"}],"curies":[{"name":"wp","href":"https:\/\/api.w.org\/{rel}","templated":true}]}}