{"id":4146,"date":"2025-01-09T11:44:31","date_gmt":"2025-01-09T10:44:31","guid":{"rendered":"https:\/\/kamarch.com\/baandblandere\/"},"modified":"2024-09-30T19:41:38","modified_gmt":"2024-09-30T17:41:38","slug":"baandblandere","status":"publish","type":"page","link":"https:\/\/kamarch.com\/da\/produkter\/baandblandere\/","title":{"rendered":"b\u00e5ndblandere"},"content":{"rendered":"","protected":false},"excerpt":{"rendered":"","protected":false},"author":4,"featured_media":0,"parent":4178,"menu_order":0,"comment_status":"closed","ping_status":"closed","template":"temp\/produkt.php","meta":{"_acf_changed":false,"footnotes":""},"class_list":["post-4146","page","type-page","status-publish","hentry"],"acf":[],"yoast_head":"<!-- This site is optimized with the Yoast SEO plugin v27.1.1 - https:\/\/yoast.com\/product\/yoast-seo-wordpress\/ -->\n<title>Piskeris og skovlblandere - producent<\/title>\n<meta name=\"description\" content=\"Producent af b\u00e5ndblandere med mange \u00e5rs erfaring. Vi tilbyder p\u00e5lideligt og effektivt industrielt udstyr.\" \/>\n<meta name=\"robots\" content=\"index, follow, max-snippet:-1, max-image-preview:large, max-video-preview:-1\" \/>\n<link rel=\"canonical\" href=\"https:\/\/kamarch.com\/da\/produkter\/baandblandere\/\" \/>\n<meta property=\"og:locale\" content=\"da_DK\" \/>\n<meta property=\"og:type\" content=\"article\" \/>\n<meta property=\"og:title\" content=\"Piskeris og skovlblandere - producent\" \/>\n<meta property=\"og:description\" content=\"Producent af b\u00e5ndblandere med mange \u00e5rs erfaring. Vi tilbyder p\u00e5lideligt og effektivt industrielt udstyr.\" \/>\n<meta property=\"og:url\" content=\"https:\/\/kamarch.com\/da\/produkter\/baandblandere\/\" \/>\n<meta property=\"og:site_name\" content=\"Kamarch - producent maszyn i urz\u0105dze\u0144 przemys\u0142owych\" \/>\n<meta name=\"twitter:card\" content=\"summary_large_image\" \/>\n<!-- \/ Yoast SEO plugin. -->","yoast_head_json":{"title":"Piskeris og skovlblandere - producent","description":"Producent af b\u00e5ndblandere med mange \u00e5rs erfaring. Vi tilbyder p\u00e5lideligt og effektivt industrielt udstyr.","robots":{"index":"index","follow":"follow","max-snippet":"max-snippet:-1","max-image-preview":"max-image-preview:large","max-video-preview":"max-video-preview:-1"},"canonical":"https:\/\/kamarch.com\/da\/produkter\/baandblandere\/","og_locale":"da_DK","og_type":"article","og_title":"Piskeris og skovlblandere - producent","og_description":"Producent af b\u00e5ndblandere med mange \u00e5rs erfaring. Vi tilbyder p\u00e5lideligt og effektivt industrielt udstyr.","og_url":"https:\/\/kamarch.com\/da\/produkter\/baandblandere\/","og_site_name":"Kamarch - producent maszyn i urz\u0105dze\u0144 przemys\u0142owych","twitter_card":"summary_large_image","schema":{"@context":"https:\/\/schema.org","@graph":[{"@type":"WebPage","@id":"https:\/\/kamarch.com\/da\/produkter\/baandblandere\/","url":"https:\/\/kamarch.com\/da\/produkter\/baandblandere\/","name":"Piskeris og skovlblandere - producent","isPartOf":{"@id":"https:\/\/kamarch.com\/da\/#website"},"datePublished":"2025-01-09T10:44:31+00:00","description":"Producent af b\u00e5ndblandere med mange \u00e5rs erfaring. Vi tilbyder p\u00e5lideligt og effektivt industrielt udstyr.","breadcrumb":{"@id":"https:\/\/kamarch.com\/da\/produkter\/baandblandere\/#breadcrumb"},"inLanguage":"da-DK","potentialAction":[{"@type":"ReadAction","target":["https:\/\/kamarch.com\/da\/produkter\/baandblandere\/"]}]},{"@type":"BreadcrumbList","@id":"https:\/\/kamarch.com\/da\/produkter\/baandblandere\/#breadcrumb","itemListElement":[{"@type":"ListItem","position":1,"name":"Hjemmeside","item":"https:\/\/kamarch.com\/da\/"},{"@type":"ListItem","position":2,"name":"Produkter","item":"https:\/\/kamarch.com\/da\/produkty\/"},{"@type":"ListItem","position":3,"name":"b\u00e5ndblandere"}]},{"@type":"WebSite","@id":"https:\/\/kamarch.com\/da\/#website","url":"https:\/\/kamarch.com\/da\/","name":"Kamarch - producent maszyn i urz\u0105dze\u0144 przemys\u0142owych","description":"","potentialAction":[{"@type":"SearchAction","target":{"@type":"EntryPoint","urlTemplate":"https:\/\/kamarch.com\/da\/?s={search_term_string}"},"query-input":{"@type":"PropertyValueSpecification","valueRequired":true,"valueName":"search_term_string"}}],"inLanguage":"da-DK"}]}},"_links":{"self":[{"href":"https:\/\/kamarch.com\/da\/wp-json\/wp\/v2\/pages\/4146","targetHints":{"allow":["GET"]}}],"collection":[{"href":"https:\/\/kamarch.com\/da\/wp-json\/wp\/v2\/pages"}],"about":[{"href":"https:\/\/kamarch.com\/da\/wp-json\/wp\/v2\/types\/page"}],"author":[{"embeddable":true,"href":"https:\/\/kamarch.com\/da\/wp-json\/wp\/v2\/users\/4"}],"replies":[{"embeddable":true,"href":"https:\/\/kamarch.com\/da\/wp-json\/wp\/v2\/comments?post=4146"}],"version-history":[{"count":1,"href":"https:\/\/kamarch.com\/da\/wp-json\/wp\/v2\/pages\/4146\/revisions"}],"predecessor-version":[{"id":4183,"href":"https:\/\/kamarch.com\/da\/wp-json\/wp\/v2\/pages\/4146\/revisions\/4183"}],"up":[{"embeddable":true,"href":"https:\/\/kamarch.com\/da\/wp-json\/wp\/v2\/pages\/4178"}],"wp:attachment":[{"href":"https:\/\/kamarch.com\/da\/wp-json\/wp\/v2\/media?parent=4146"}],"curies":[{"name":"wp","href":"https:\/\/api.w.org\/{rel}","templated":true}]}}