{"id":4034,"date":"2025-01-09T11:44:31","date_gmt":"2025-01-09T10:44:31","guid":{"rendered":"https:\/\/kamarch.com\/produkty\/paskove-michacky\/"},"modified":"2024-09-30T19:41:53","modified_gmt":"2024-09-30T17:41:53","slug":"paskove-michacky","status":"publish","type":"page","link":"https:\/\/kamarch.com\/cs\/produkty\/paskove-michacky\/","title":{"rendered":"p\u00e1skov\u00e9 m\u00edcha\u010dky"},"content":{"rendered":"","protected":false},"excerpt":{"rendered":"","protected":false},"author":4,"featured_media":0,"parent":4029,"menu_order":0,"comment_status":"closed","ping_status":"closed","template":"temp\/produkt.php","meta":{"_acf_changed":false,"footnotes":""},"class_list":["post-4034","page","type-page","status-publish","hentry"],"acf":[],"yoast_head":"<!-- This site is optimized with the Yoast SEO plugin v27.1.1 - https:\/\/yoast.com\/product\/yoast-seo-wordpress\/ -->\n<title>P\u00e1dla a p\u00e1dlov\u00e9 m\u00edcha\u010dky - v\u00fdrobce<\/title>\n<meta name=\"description\" content=\"V\u00fdrobce p\u00e1skov\u00fdch m\u00edcha\u010dek s dlouholet\u00fdmi zku\u0161enostmi. Nab\u00edz\u00edme spolehliv\u00e1 a efektivn\u00ed pr\u016fmyslov\u00e1 za\u0159\u00edzen\u00ed.\" \/>\n<meta name=\"robots\" content=\"index, follow, max-snippet:-1, max-image-preview:large, max-video-preview:-1\" \/>\n<link rel=\"canonical\" href=\"https:\/\/kamarch.com\/cs\/produkty\/paskove-michacky\/\" \/>\n<meta property=\"og:locale\" content=\"cs_CZ\" \/>\n<meta property=\"og:type\" content=\"article\" \/>\n<meta property=\"og:title\" content=\"P\u00e1dla a p\u00e1dlov\u00e9 m\u00edcha\u010dky - v\u00fdrobce\" \/>\n<meta property=\"og:description\" content=\"V\u00fdrobce p\u00e1skov\u00fdch m\u00edcha\u010dek s dlouholet\u00fdmi zku\u0161enostmi. Nab\u00edz\u00edme spolehliv\u00e1 a efektivn\u00ed pr\u016fmyslov\u00e1 za\u0159\u00edzen\u00ed.\" \/>\n<meta property=\"og:url\" content=\"https:\/\/kamarch.com\/cs\/produkty\/paskove-michacky\/\" \/>\n<meta property=\"og:site_name\" content=\"Kamarch - producent maszyn i urz\u0105dze\u0144 przemys\u0142owych\" \/>\n<meta name=\"twitter:card\" content=\"summary_large_image\" \/>\n<!-- \/ Yoast SEO plugin. -->","yoast_head_json":{"title":"P\u00e1dla a p\u00e1dlov\u00e9 m\u00edcha\u010dky - v\u00fdrobce","description":"V\u00fdrobce p\u00e1skov\u00fdch m\u00edcha\u010dek s dlouholet\u00fdmi zku\u0161enostmi. Nab\u00edz\u00edme spolehliv\u00e1 a efektivn\u00ed pr\u016fmyslov\u00e1 za\u0159\u00edzen\u00ed.","robots":{"index":"index","follow":"follow","max-snippet":"max-snippet:-1","max-image-preview":"max-image-preview:large","max-video-preview":"max-video-preview:-1"},"canonical":"https:\/\/kamarch.com\/cs\/produkty\/paskove-michacky\/","og_locale":"cs_CZ","og_type":"article","og_title":"P\u00e1dla a p\u00e1dlov\u00e9 m\u00edcha\u010dky - v\u00fdrobce","og_description":"V\u00fdrobce p\u00e1skov\u00fdch m\u00edcha\u010dek s dlouholet\u00fdmi zku\u0161enostmi. Nab\u00edz\u00edme spolehliv\u00e1 a efektivn\u00ed pr\u016fmyslov\u00e1 za\u0159\u00edzen\u00ed.","og_url":"https:\/\/kamarch.com\/cs\/produkty\/paskove-michacky\/","og_site_name":"Kamarch - producent maszyn i urz\u0105dze\u0144 przemys\u0142owych","twitter_card":"summary_large_image","schema":{"@context":"https:\/\/schema.org","@graph":[{"@type":"WebPage","@id":"https:\/\/kamarch.com\/cs\/produkty\/paskove-michacky\/","url":"https:\/\/kamarch.com\/cs\/produkty\/paskove-michacky\/","name":"P\u00e1dla a p\u00e1dlov\u00e9 m\u00edcha\u010dky - v\u00fdrobce","isPartOf":{"@id":"https:\/\/kamarch.com\/cs\/#website"},"datePublished":"2025-01-09T10:44:31+00:00","description":"V\u00fdrobce p\u00e1skov\u00fdch m\u00edcha\u010dek s dlouholet\u00fdmi zku\u0161enostmi. Nab\u00edz\u00edme spolehliv\u00e1 a efektivn\u00ed pr\u016fmyslov\u00e1 za\u0159\u00edzen\u00ed.","breadcrumb":{"@id":"https:\/\/kamarch.com\/cs\/produkty\/paskove-michacky\/#breadcrumb"},"inLanguage":"cs","potentialAction":[{"@type":"ReadAction","target":["https:\/\/kamarch.com\/cs\/produkty\/paskove-michacky\/"]}]},{"@type":"BreadcrumbList","@id":"https:\/\/kamarch.com\/cs\/produkty\/paskove-michacky\/#breadcrumb","itemListElement":[{"@type":"ListItem","position":1,"name":"Domovsk\u00e1 str\u00e1nka","item":"https:\/\/kamarch.com\/cs\/"},{"@type":"ListItem","position":2,"name":"Produkty","item":"https:\/\/kamarch.com\/cs\/produkty\/"},{"@type":"ListItem","position":3,"name":"p\u00e1skov\u00e9 m\u00edcha\u010dky"}]},{"@type":"WebSite","@id":"https:\/\/kamarch.com\/cs\/#website","url":"https:\/\/kamarch.com\/cs\/","name":"Kamarch - producent maszyn i urz\u0105dze\u0144 przemys\u0142owych","description":"","potentialAction":[{"@type":"SearchAction","target":{"@type":"EntryPoint","urlTemplate":"https:\/\/kamarch.com\/cs\/?s={search_term_string}"},"query-input":{"@type":"PropertyValueSpecification","valueRequired":true,"valueName":"search_term_string"}}],"inLanguage":"cs"}]}},"_links":{"self":[{"href":"https:\/\/kamarch.com\/cs\/wp-json\/wp\/v2\/pages\/4034","targetHints":{"allow":["GET"]}}],"collection":[{"href":"https:\/\/kamarch.com\/cs\/wp-json\/wp\/v2\/pages"}],"about":[{"href":"https:\/\/kamarch.com\/cs\/wp-json\/wp\/v2\/types\/page"}],"author":[{"embeddable":true,"href":"https:\/\/kamarch.com\/cs\/wp-json\/wp\/v2\/users\/4"}],"replies":[{"embeddable":true,"href":"https:\/\/kamarch.com\/cs\/wp-json\/wp\/v2\/comments?post=4034"}],"version-history":[{"count":1,"href":"https:\/\/kamarch.com\/cs\/wp-json\/wp\/v2\/pages\/4034\/revisions"}],"predecessor-version":[{"id":4453,"href":"https:\/\/kamarch.com\/cs\/wp-json\/wp\/v2\/pages\/4034\/revisions\/4453"}],"up":[{"embeddable":true,"href":"https:\/\/kamarch.com\/cs\/wp-json\/wp\/v2\/pages\/4029"}],"wp:attachment":[{"href":"https:\/\/kamarch.com\/cs\/wp-json\/wp\/v2\/media?parent=4034"}],"curies":[{"name":"wp","href":"https:\/\/api.w.org\/{rel}","templated":true}]}}